{"id":59,"date":"2026-03-03T18:51:10","date_gmt":"2026-03-03T18:51:10","guid":{"rendered":"https:\/\/talktgc.com\/contact-us-2\/"},"modified":"2026-04-14T16:25:01","modified_gmt":"2026-04-14T12:25:01","slug":"contact-us","status":"publish","type":"page","link":"https:\/\/talktgc.com\/fr\/contact-us\/","title":{"rendered":"Contactez-Nous"},"content":{"rendered":"<div data-elementor-type=\"wp-page\" data-elementor-id=\"59\" class=\"elementor elementor-59\">\n\t\t\t\t<div class=\"elementor-element elementor-element-6d052474 e-con-full e-flex e-con e-parent\" data-id=\"6d052474\" data-element_type=\"container\" data-e-type=\"container\">\n\t\t<div class=\"elementor-element elementor-element-453afc61 e-con-full e-flex e-con e-child\" data-id=\"453afc61\" data-element_type=\"container\" data-e-type=\"container\" data-settings=\"{&quot;background_background&quot;:&quot;classic&quot;}\">\n\t\t\t\t<div class=\"elementor-element elementor-element-5d10f65e elementor-widget elementor-widget-heading\" data-id=\"5d10f65e\" data-element_type=\"widget\" data-e-type=\"widget\" data-widget_type=\"heading.default\">\n\t\t\t\t\t<h1 class=\"elementor-heading-title elementor-size-default\">Contactez-Nous<\/h1>\t\t\t\t<\/div>\n\t\t\t\t<div class=\"elementor-element elementor-element-531005e5 elementor-widget-divider--view-line elementor-widget elementor-widget-divider\" data-id=\"531005e5\" data-element_type=\"widget\" data-e-type=\"widget\" data-widget_type=\"divider.default\">\n\t\t\t\t\t\t\t<div class=\"elementor-divider\">\n\t\t\t<span class=\"elementor-divider-separator\">\n\t\t\t\t\t\t<\/span>\n\t\t<\/div>\n\t\t\t\t\t\t<\/div>\n\t\t<div class=\"elementor-element elementor-element-71a580ab e-con-full e-flex e-con e-child\" data-id=\"71a580ab\" data-element_type=\"container\" data-e-type=\"container\">\n\t\t\t\t<div class=\"elementor-element elementor-element-68627f83 elementor-icon-list--layout-traditional elementor-list-item-link-full_width elementor-widget elementor-widget-icon-list\" data-id=\"68627f83\" data-element_type=\"widget\" data-e-type=\"widget\" data-widget_type=\"icon-list.default\">\n\t\t\t\t\t\t\t<ul class=\"elementor-icon-list-items\">\n\t\t\t\t\t\t\t<li class=\"elementor-icon-list-item\">\n\t\t\t\t\t\t\t\t\t\t\t<a href=\"tel:+230%2057%2025%2079%2098%20\">\n\n\t\t\t\t\t\t\t\t\t\t\t<span class=\"elementor-icon-list-text\">+230 57 25 79 98 <\/span>\n\t\t\t\t\t\t\t\t\t\t\t<\/a>\n\t\t\t\t\t\t\t\t\t<\/li>\n\t\t\t\t\t\t\t\t<li class=\"elementor-icon-list-item\">\n\t\t\t\t\t\t\t\t\t\t\t<a href=\"mailto:info@talktgc.com\">\n\n\t\t\t\t\t\t\t\t\t\t\t<span class=\"elementor-icon-list-text\">info@talktgc.com<\/span>\n\t\t\t\t\t\t\t\t\t\t\t<\/a>\n\t\t\t\t\t\t\t\t\t<\/li>\n\t\t\t\t\t\t<\/ul>\n\t\t\t\t\t\t<\/div>\n\t\t\t\t<\/div>\n\t\t<div class=\"elementor-element elementor-element-5bafbbb e-con-full e-flex e-con e-child\" data-id=\"5bafbbb\" data-element_type=\"container\" data-e-type=\"container\">\n\t\t\t\t<div class=\"elementor-element elementor-element-1265284d elementor-widget elementor-widget-text-editor\" data-id=\"1265284d\" data-element_type=\"widget\" data-e-type=\"widget\" data-widget_type=\"text-editor.default\">\n\t\t\t\t\t\t\t\t\t<p>Bas\u00e9 \u00e0 Maurice, avec une pr\u00e9sence internationale en Afrique, au Moyen-Orient et en Europe.<\/p>\t\t\t\t\t\t\t\t<\/div>\n\t\t\t\t<\/div>\n\t\t\t\t<\/div>\n\t\t<div class=\"elementor-element elementor-element-614a4d66 e-con-full e-flex e-con e-child\" data-id=\"614a4d66\" data-element_type=\"container\" data-e-type=\"container\" data-settings=\"{&quot;background_background&quot;:&quot;classic&quot;}\">\n\t\t\t\t<div class=\"elementor-element elementor-element-9ee8f2d eael-contact-form-7-button-align-left eael-contact-form-7-button-custom elementor-widget elementor-widget-eael-contact-form-7\" data-id=\"9ee8f2d\" data-element_type=\"widget\" data-e-type=\"widget\" data-widget_type=\"eael-contact-form-7.default\">\n\t\t\t\t\t<div class=\"eael-contact-form-7-wrapper\">\n                <div class=\"eael-contact-form eael-contact-form-7 eael-contact-form-9ee8f2d placeholder-show eael-contact-form-align-default\">\n<div class=\"wpcf7 no-js\" id=\"wpcf7-f1619-o1\" lang=\"en-GB\" dir=\"ltr\" data-wpcf7-id=\"1619\">\n<div class=\"screen-reader-response\"><p role=\"status\" aria-live=\"polite\" aria-atomic=\"true\"><\/p> <ul><\/ul><\/div>\n<form action=\"\/fr\/wp-json\/wp\/v2\/pages\/59#wpcf7-f1619-o1\" method=\"post\" class=\"wpcf7-form init\" aria-label=\"Contact form\" novalidate=\"novalidate\" data-status=\"init\" data-trp-original-action=\"\/fr\/wp-json\/wp\/v2\/pages\/59#wpcf7-f1619-o1\">\n<fieldset class=\"hidden-fields-container\"><input type=\"hidden\" name=\"_wpcf7\" value=\"1619\" \/><input type=\"hidden\" name=\"_wpcf7_version\" value=\"6.1.5\" \/><input type=\"hidden\" name=\"_wpcf7_locale\" value=\"en_GB\" \/><input type=\"hidden\" name=\"_wpcf7_unit_tag\" value=\"wpcf7-f1619-o1\" \/><input type=\"hidden\" name=\"_wpcf7_container_post\" value=\"0\" \/><input type=\"hidden\" name=\"_wpcf7_posted_data_hash\" value=\"\" \/>\n<\/fieldset>\n<div class=\"wpcf7-turnstile cf-turnstile\" data-sitekey=\"0x4AAAAAACoEG3o98-S2eycm\" data-response-field-name=\"_wpcf7_turnstile_response\"><\/div>\n\n<p><label> Votre Nom<br \/>\n<span class=\"wpcf7-form-control-wrap\" data-name=\"your-name\"><input size=\"40\" maxlength=\"400\" class=\"wpcf7-form-control wpcf7-text wpcf7-validates-as-required\" autocomplete=\"name\" aria-required=\"true\" aria-invalid=\"false\" value=\"\" type=\"text\" name=\"your-name\" \/><\/span> <\/label>\n<\/p>\n<p><label> Votre Email<br \/>\n<span class=\"wpcf7-form-control-wrap\" data-name=\"your-email\"><input size=\"40\" maxlength=\"400\" class=\"wpcf7-form-control wpcf7-email wpcf7-validates-as-required wpcf7-text wpcf7-validates-as-email\" autocomplete=\"email\" aria-required=\"true\" aria-invalid=\"false\" value=\"\" type=\"email\" name=\"your-email\" \/><\/span> <\/label>\n<\/p>\n<p><label> Objet<br \/>\n<span class=\"wpcf7-form-control-wrap\" data-name=\"your-subject\"><input size=\"40\" maxlength=\"400\" class=\"wpcf7-form-control wpcf7-text wpcf7-validates-as-required\" aria-required=\"true\" aria-invalid=\"false\" value=\"\" type=\"text\" name=\"your-subject\" \/><\/span> <\/label>\n<\/p>\n<p><label> Programmes <\/label><br \/>\n<span class=\"wpcf7-form-control-wrap\" data-name=\"your-programme\"><span class=\"wpcf7-form-control wpcf7-checkbox\"><span class=\"wpcf7-list-item first\"><label><input type=\"checkbox\" name=\"your-programme[]\" value=\"The Coherent Leader\" \/><span class=\"wpcf7-list-item-label\">Le Leader Coh\u00e9rent<\/span><\/label><\/span><span class=\"wpcf7-list-item\"><label><input type=\"checkbox\" name=\"your-programme[]\" value=\"The Credibility Code\" \/><span class=\"wpcf7-list-item-label\">Le Code de Cr\u00e9dibilit\u00e9<\/span><\/label><\/span><span class=\"wpcf7-list-item\"><label><input type=\"checkbox\" name=\"your-programme[]\" value=\"The Architecture of Leadership\" \/><span class=\"wpcf7-list-item-label\">Agilit\u00e9 du Leadership<\/span><\/label><\/span><span class=\"wpcf7-list-item\"><label><input type=\"checkbox\" name=\"your-programme[]\" value=\"The AI Adoption Challenge\" \/><span class=\"wpcf7-list-item-label\">Le D\u00e9fi de L'adoption de l'IA<\/span><\/label><\/span><span class=\"wpcf7-list-item last\"><label><input type=\"checkbox\" name=\"your-programme[]\" value=\"Leading Through AI Change\" \/><span class=\"wpcf7-list-item-label\">Piloter la Transformation par l'IA<\/span><\/label><\/span><\/span><\/span>\n<\/p>\n<p><label> Votre Message<br \/>\n<span class=\"wpcf7-form-control-wrap\" data-name=\"your-message\"><textarea cols=\"40\" rows=\"10\" maxlength=\"2000\" class=\"wpcf7-form-control wpcf7-textarea wpcf7-validates-as-required\" aria-required=\"true\" aria-invalid=\"false\" name=\"your-message\"><\/textarea><\/span> <\/label>\n<\/p>\n<p><span class=\"wpcf7-form-control-wrap\" data-name=\"your-consent\"><span class=\"wpcf7-form-control wpcf7-acceptance\"><span class=\"wpcf7-list-item\"><label><input type=\"checkbox\" name=\"your-consent\" value=\"1\" aria-invalid=\"false\" \/><span class=\"wpcf7-list-item-label\">J\u2019accepte les <a href=\"https:\/\/talktgc.com\/fr\/terms-and-conditions\/\">Termes et Conditions<\/a> et acceptez d'\u00eatre ajout\u00e9s \u00e0 notre liste de diffusion.<\/span><\/label><\/span><\/span><\/span>\n<\/p>\n<p><input class=\"wpcf7-form-control wpcf7-submit has-spinner\" type=\"submit\" value=\"Soumettre\" \/>\n<\/p><div class=\"wpcf7-response-output\" aria-hidden=\"true\"><\/div>\n<input type=\"hidden\" name=\"trp-form-language\" value=\"fr\"\/><\/form>\n<\/div>\n<\/div>\n            <\/div>\t\t\t\t<\/div>\n\t\t\t\t<\/div>\n\t\t\t\t<\/div>\n\t\t\t\t<\/div>","protected":false},"excerpt":{"rendered":"<p>Contact Us +230 57 25 79 98 info@talktgc.com Mauritius-based, working globally across Africa, the Middle East, Europe and beyond. Your name Your email Subject Programme The Coherent LeaderThe Credibility CodeThe Architecture of LeadershipThe AI Adoption ChallengeLeading Through AI Change Your message I accept the Terms and Conditions and agree to be added to our mailing [&hellip;]<\/p>\n","protected":false},"author":2,"featured_media":65,"parent":0,"menu_order":0,"comment_status":"closed","ping_status":"closed","template":"elementor_header_footer","meta":{"nf_dc_page":"","footnotes":""},"class_list":["post-59","page","type-page","status-publish","has-post-thumbnail","hentry"],"yoast_head":"<!-- This site is optimized with the Yoast SEO plugin v27.4 - https:\/\/yoast.com\/product\/yoast-seo-wordpress\/ -->\n<title>Contact Us - The Game Changers<\/title>\n<meta name=\"robots\" content=\"index, follow, max-snippet:-1, max-image-preview:large, max-video-preview:-1\" \/>\n<link rel=\"canonical\" href=\"https:\/\/talktgc.com\/fr\/contact-us\/\" \/>\n<meta property=\"og:locale\" content=\"fr_FR\" \/>\n<meta property=\"og:type\" content=\"article\" \/>\n<meta property=\"og:title\" content=\"Contact Us - The Game Changers\" \/>\n<meta property=\"og:description\" content=\"Contact Us +230 57 25 79 98 info@talktgc.com Mauritius-based, working globally across Africa, the Middle East, Europe and beyond. Your name Your email Subject Programme The Coherent LeaderThe Credibility CodeThe Architecture of LeadershipThe AI Adoption ChallengeLeading Through AI Change Your message I accept the Terms and Conditions and agree to be added to our mailing [&hellip;]\" \/>\n<meta property=\"og:url\" content=\"https:\/\/talktgc.com\/fr\/contact-us\/\" \/>\n<meta property=\"og:site_name\" content=\"The Game Changers\" \/>\n<meta property=\"article:modified_time\" content=\"2026-04-14T12:25:01+00:00\" \/>\n<meta property=\"og:image\" content=\"https:\/\/talktgc.com\/wp-content\/uploads\/2026\/03\/Contact-400_380.jpg\" \/>\n\t<meta property=\"og:image:width\" content=\"400\" \/>\n\t<meta property=\"og:image:height\" content=\"380\" \/>\n\t<meta property=\"og:image:type\" content=\"image\/jpeg\" \/>\n<meta name=\"twitter:card\" content=\"summary_large_image\" \/>\n<meta name=\"twitter:label1\" content=\"Dur\u00e9e de lecture estim\u00e9e\" \/>\n\t<meta name=\"twitter:data1\" content=\"1 minute\" \/>\n<script type=\"application\/ld+json\" class=\"yoast-schema-graph\">{\"@context\":\"https:\\\/\\\/schema.org\",\"@graph\":[{\"@type\":\"WebPage\",\"@id\":\"https:\\\/\\\/talktgc.com\\\/contact-us\\\/\",\"url\":\"https:\\\/\\\/talktgc.com\\\/contact-us\\\/\",\"name\":\"Contact Us - The Game Changers\",\"isPartOf\":{\"@id\":\"https:\\\/\\\/talktgc.com\\\/#website\"},\"primaryImageOfPage\":{\"@id\":\"https:\\\/\\\/talktgc.com\\\/contact-us\\\/#primaryimage\"},\"image\":{\"@id\":\"https:\\\/\\\/talktgc.com\\\/contact-us\\\/#primaryimage\"},\"thumbnailUrl\":\"https:\\\/\\\/i0.wp.com\\\/talktgc.com\\\/wp-content\\\/uploads\\\/2026\\\/03\\\/Contact-400_380.jpg?fit=400%2C380&ssl=1\",\"datePublished\":\"2026-03-03T18:51:10+00:00\",\"dateModified\":\"2026-04-14T12:25:01+00:00\",\"breadcrumb\":{\"@id\":\"https:\\\/\\\/talktgc.com\\\/contact-us\\\/#breadcrumb\"},\"inLanguage\":\"fr-FR\",\"potentialAction\":[{\"@type\":\"ReadAction\",\"target\":[\"https:\\\/\\\/talktgc.com\\\/contact-us\\\/\"]}]},{\"@type\":\"ImageObject\",\"inLanguage\":\"fr-FR\",\"@id\":\"https:\\\/\\\/talktgc.com\\\/contact-us\\\/#primaryimage\",\"url\":\"https:\\\/\\\/i0.wp.com\\\/talktgc.com\\\/wp-content\\\/uploads\\\/2026\\\/03\\\/Contact-400_380.jpg?fit=400%2C380&ssl=1\",\"contentUrl\":\"https:\\\/\\\/i0.wp.com\\\/talktgc.com\\\/wp-content\\\/uploads\\\/2026\\\/03\\\/Contact-400_380.jpg?fit=400%2C380&ssl=1\",\"width\":400,\"height\":380},{\"@type\":\"BreadcrumbList\",\"@id\":\"https:\\\/\\\/talktgc.com\\\/contact-us\\\/#breadcrumb\",\"itemListElement\":[{\"@type\":\"ListItem\",\"position\":1,\"name\":\"Home\",\"item\":\"https:\\\/\\\/talktgc.com\\\/\"},{\"@type\":\"ListItem\",\"position\":2,\"name\":\"Contact Us\"}]},{\"@type\":\"WebSite\",\"@id\":\"https:\\\/\\\/talktgc.com\\\/#website\",\"url\":\"https:\\\/\\\/talktgc.com\\\/\",\"name\":\"The Game Changers\",\"description\":\"The Architects of Becoming\",\"publisher\":{\"@id\":\"https:\\\/\\\/talktgc.com\\\/#organization\"},\"potentialAction\":[{\"@type\":\"SearchAction\",\"target\":{\"@type\":\"EntryPoint\",\"urlTemplate\":\"https:\\\/\\\/talktgc.com\\\/?s={search_term_string}\"},\"query-input\":{\"@type\":\"PropertyValueSpecification\",\"valueRequired\":true,\"valueName\":\"search_term_string\"}}],\"inLanguage\":\"fr-FR\"},{\"@type\":\"Organization\",\"@id\":\"https:\\\/\\\/talktgc.com\\\/#organization\",\"name\":\"The Game Changers\",\"url\":\"https:\\\/\\\/talktgc.com\\\/\",\"logo\":{\"@type\":\"ImageObject\",\"inLanguage\":\"fr-FR\",\"@id\":\"https:\\\/\\\/talktgc.com\\\/#\\\/schema\\\/logo\\\/image\\\/\",\"url\":\"https:\\\/\\\/i0.wp.com\\\/talktgc.com\\\/wp-content\\\/uploads\\\/2026\\\/03\\\/image_1_-removebg-preview-e1772649231600.png?fit=500%2C158&ssl=1\",\"contentUrl\":\"https:\\\/\\\/i0.wp.com\\\/talktgc.com\\\/wp-content\\\/uploads\\\/2026\\\/03\\\/image_1_-removebg-preview-e1772649231600.png?fit=500%2C158&ssl=1\",\"width\":500,\"height\":158,\"caption\":\"The Game Changers\"},\"image\":{\"@id\":\"https:\\\/\\\/talktgc.com\\\/#\\\/schema\\\/logo\\\/image\\\/\"}}]}<\/script>\n<!-- \/ Yoast SEO plugin. -->","yoast_head_json":{"title":"Contact Us - The Game Changers","robots":{"index":"index","follow":"follow","max-snippet":"max-snippet:-1","max-image-preview":"max-image-preview:large","max-video-preview":"max-video-preview:-1"},"canonical":"https:\/\/talktgc.com\/fr\/contact-us\/","og_locale":"fr_FR","og_type":"article","og_title":"Contact Us - The Game Changers","og_description":"Contact Us +230 57 25 79 98 info@talktgc.com Mauritius-based, working globally across Africa, the Middle East, Europe and beyond. Your name Your email Subject Programme The Coherent LeaderThe Credibility CodeThe Architecture of LeadershipThe AI Adoption ChallengeLeading Through AI Change Your message I accept the Terms and Conditions and agree to be added to our mailing [&hellip;]","og_url":"https:\/\/talktgc.com\/fr\/contact-us\/","og_site_name":"The Game Changers","article_modified_time":"2026-04-14T12:25:01+00:00","og_image":[{"width":400,"height":380,"url":"https:\/\/talktgc.com\/wp-content\/uploads\/2026\/03\/Contact-400_380.jpg","type":"image\/jpeg"}],"twitter_card":"summary_large_image","twitter_misc":{"Dur\u00e9e de lecture estim\u00e9e":"1 minute"},"schema":{"@context":"https:\/\/schema.org","@graph":[{"@type":"WebPage","@id":"https:\/\/talktgc.com\/contact-us\/","url":"https:\/\/talktgc.com\/contact-us\/","name":"Contact Us - The Game Changers","isPartOf":{"@id":"https:\/\/talktgc.com\/#website"},"primaryImageOfPage":{"@id":"https:\/\/talktgc.com\/contact-us\/#primaryimage"},"image":{"@id":"https:\/\/talktgc.com\/contact-us\/#primaryimage"},"thumbnailUrl":"https:\/\/i0.wp.com\/talktgc.com\/wp-content\/uploads\/2026\/03\/Contact-400_380.jpg?fit=400%2C380&ssl=1","datePublished":"2026-03-03T18:51:10+00:00","dateModified":"2026-04-14T12:25:01+00:00","breadcrumb":{"@id":"https:\/\/talktgc.com\/contact-us\/#breadcrumb"},"inLanguage":"fr-FR","potentialAction":[{"@type":"ReadAction","target":["https:\/\/talktgc.com\/contact-us\/"]}]},{"@type":"ImageObject","inLanguage":"fr-FR","@id":"https:\/\/talktgc.com\/contact-us\/#primaryimage","url":"https:\/\/i0.wp.com\/talktgc.com\/wp-content\/uploads\/2026\/03\/Contact-400_380.jpg?fit=400%2C380&ssl=1","contentUrl":"https:\/\/i0.wp.com\/talktgc.com\/wp-content\/uploads\/2026\/03\/Contact-400_380.jpg?fit=400%2C380&ssl=1","width":400,"height":380},{"@type":"BreadcrumbList","@id":"https:\/\/talktgc.com\/contact-us\/#breadcrumb","itemListElement":[{"@type":"ListItem","position":1,"name":"Home","item":"https:\/\/talktgc.com\/"},{"@type":"ListItem","position":2,"name":"Contact Us"}]},{"@type":"WebSite","@id":"https:\/\/talktgc.com\/#website","url":"https:\/\/talktgc.com\/","name":"The Game Changers","description":"Les Architectes du Devenir","publisher":{"@id":"https:\/\/talktgc.com\/#organization"},"potentialAction":[{"@type":"SearchAction","target":{"@type":"EntryPoint","urlTemplate":"https:\/\/talktgc.com\/?s={search_term_string}"},"query-input":{"@type":"PropertyValueSpecification","valueRequired":true,"valueName":"search_term_string"}}],"inLanguage":"fr-FR"},{"@type":"Organization","@id":"https:\/\/talktgc.com\/#organization","name":"The Game Changers","url":"https:\/\/talktgc.com\/","logo":{"@type":"ImageObject","inLanguage":"fr-FR","@id":"https:\/\/talktgc.com\/#\/schema\/logo\/image\/","url":"https:\/\/i0.wp.com\/talktgc.com\/wp-content\/uploads\/2026\/03\/image_1_-removebg-preview-e1772649231600.png?fit=500%2C158&ssl=1","contentUrl":"https:\/\/i0.wp.com\/talktgc.com\/wp-content\/uploads\/2026\/03\/image_1_-removebg-preview-e1772649231600.png?fit=500%2C158&ssl=1","width":500,"height":158,"caption":"The Game Changers"},"image":{"@id":"https:\/\/talktgc.com\/#\/schema\/logo\/image\/"}}]}},"jetpack_sharing_enabled":true,"_links":{"self":[{"href":"https:\/\/talktgc.com\/fr\/wp-json\/wp\/v2\/pages\/59","targetHints":{"allow":["GET"]}}],"collection":[{"href":"https:\/\/talktgc.com\/fr\/wp-json\/wp\/v2\/pages"}],"about":[{"href":"https:\/\/talktgc.com\/fr\/wp-json\/wp\/v2\/types\/page"}],"author":[{"embeddable":true,"href":"https:\/\/talktgc.com\/fr\/wp-json\/wp\/v2\/users\/2"}],"replies":[{"embeddable":true,"href":"https:\/\/talktgc.com\/fr\/wp-json\/wp\/v2\/comments?post=59"}],"version-history":[{"count":20,"href":"https:\/\/talktgc.com\/fr\/wp-json\/wp\/v2\/pages\/59\/revisions"}],"predecessor-version":[{"id":1817,"href":"https:\/\/talktgc.com\/fr\/wp-json\/wp\/v2\/pages\/59\/revisions\/1817"}],"wp:featuredmedia":[{"embeddable":true,"href":"https:\/\/talktgc.com\/fr\/wp-json\/wp\/v2\/media\/65"}],"wp:attachment":[{"href":"https:\/\/talktgc.com\/fr\/wp-json\/wp\/v2\/media?parent=59"}],"curies":[{"name":"wp","href":"https:\/\/api.w.org\/{rel}","templated":true}]}}