{"id":530,"date":"2026-03-06T10:06:13","date_gmt":"2026-03-06T06:06:13","guid":{"rendered":"https:\/\/talktgc.com\/?page_id=530"},"modified":"2026-04-11T18:56:36","modified_gmt":"2026-04-11T14:56:36","slug":"the-credibility-code","status":"publish","type":"page","link":"https:\/\/talktgc.com\/fr\/services\/the-credibility-code\/","title":{"rendered":"Le Code de Cr\u00e9dibilit\u00e9"},"content":{"rendered":"<div data-elementor-type=\"wp-page\" data-elementor-id=\"530\" class=\"elementor elementor-530\">\n\t\t\t\t<div class=\"elementor-element elementor-element-4db69eb1 e-flex e-con-boxed e-con e-parent\" data-id=\"4db69eb1\" data-element_type=\"container\" data-e-type=\"container\" data-settings=\"{&quot;background_background&quot;:&quot;classic&quot;}\">\n\t\t\t\t\t<div class=\"e-con-inner\">\n\t\t\t\t<div class=\"elementor-element elementor-element-2c876b7b elementor-widget elementor-widget-elementskit-heading\" data-id=\"2c876b7b\" data-element_type=\"widget\" data-e-type=\"widget\" data-widget_type=\"elementskit-heading.default\">\n\t\t\t\t\t<div class=\"ekit-wid-con\" ><div class=\"ekit-heading elementskit-section-title-wraper text_center   ekit_heading_tablet-   ekit_heading_mobile-\"><h2 class=\"ekit-heading--title elementskit-section-title\">Le Code de Cr\u00e9dibilit\u00e9<\/h2><h3 class=\"ekit-heading--subtitle elementskit-section-subtitle\">\n\t\t\t\t\t\tQuand la Performance Parle et est Entendue.\n\t\t\t\t\t<\/h3><\/div><\/div>\t\t\t\t<\/div>\n\t\t\t\t\t<\/div>\n\t\t\t\t<\/div>\n\t\t<div class=\"elementor-element elementor-element-5a614e11 e-flex e-con-boxed e-con e-parent\" data-id=\"5a614e11\" data-element_type=\"container\" data-e-type=\"container\">\n\t\t\t\t\t<div class=\"e-con-inner\">\n\t\t<div class=\"elementor-element elementor-element-247de7e3 e-con-full e-flex e-con e-child\" data-id=\"247de7e3\" data-element_type=\"container\" data-e-type=\"container\">\n\t\t\t\t<div class=\"elementor-element elementor-element-c986c3c elementor-widget elementor-widget-elementskit-heading\" data-id=\"c986c3c\" data-element_type=\"widget\" data-e-type=\"widget\" data-widget_type=\"elementskit-heading.default\">\n\t\t\t\t\t<div class=\"ekit-wid-con\" ><div class=\"ekit-heading elementskit-section-title-wraper text_left   ekit_heading_tablet-   ekit_heading_mobile-\"><h2 class=\"ekit-heading--title elementskit-section-title\">Lib\u00e9rer l'autorit\u00e9. Asseoir la confiance.<\/h2>\t\t\t\t<div class='ekit-heading__description'>\n\t\t\t\t\t<p>Le Code de Cr\u00e9dibilit\u00e9 renforce les fondements internes et externes de la cr\u00e9dibilit\u00e9 du leadership. Il d\u00e9veloppe une pr\u00e9sence authentique, une communication strat\u00e9giquement align\u00e9e et une influence ancr\u00e9e dans l'identit\u00e9 plut\u00f4t que dans la performance.<\/p>\n<p>Ce travail est profond, personnel et structurel con\u00e7u pour aider les dirigeants \u00e0 s'affirmer avec une autorit\u00e9 qui se m\u00e9rite, et non qui s'impose.<\/p>\n\t\t\t\t<\/div>\n\t\t\t<\/div><\/div>\t\t\t\t<\/div>\n\t\t\t\t<div class=\"elementor-element elementor-element-439b8d64 elementor-widget elementor-widget-elementskit-heading\" data-id=\"439b8d64\" data-element_type=\"widget\" data-e-type=\"widget\" data-widget_type=\"elementskit-heading.default\">\n\t\t\t\t\t<div class=\"ekit-wid-con\" ><div class=\"ekit-heading elementskit-section-title-wraper text_left   ekit_heading_tablet-   ekit_heading_mobile-\"><h2 class=\"ekit-heading--title elementskit-section-title\">La Barri\u00e8re Invisible<\/h2>\t\t\t\t<div class='ekit-heading__description'>\n\t\t\t\t\t<p>Ces dynamiques sont rarement abord\u00e9es de front. Elles se manifestent par des h\u00e9sitations, une pr\u00e9paration excessive et un taux d'attrition parmi les personnes m\u00eames que les organisations ne peuvent se permettre de perdre.<\/p>\n\t\t\t\t<\/div>\n\t\t\t<\/div><\/div>\t\t\t\t<\/div>\n\t\t\t\t<div class=\"elementor-element elementor-element-c76fbb4 elementor-icon-list--layout-traditional elementor-list-item-link-full_width elementor-widget elementor-widget-icon-list\" data-id=\"c76fbb4\" data-element_type=\"widget\" data-e-type=\"widget\" data-widget_type=\"icon-list.default\">\n\t\t\t\t\t\t\t<ul class=\"elementor-icon-list-items\">\n\t\t\t\t\t\t\t<li class=\"elementor-icon-list-item\">\n\t\t\t\t\t\t\t\t\t\t\t<span class=\"elementor-icon-list-icon\">\n\t\t\t\t\t\t\t<svg aria-hidden=\"true\" class=\"e-font-icon-svg e-far-circle\" viewbox=\"0 0 512 512\" xmlns=\"http:\/\/www.w3.org\/2000\/svg\"><path d=\"M256 8C119 8 8 119 8 256s111 248 248 248 248-111 248-248S393 8 256 8zm0 448c-110.5 0-200-89.5-200-200S145.5 56 256 56s200 89.5 200 200-89.5 200-200 200z\"><\/path><\/svg>\t\t\t\t\t\t<\/span>\n\t\t\t\t\t\t\t\t\t\t<span class=\"elementor-icon-list-text\"><b>Haute performance, doute cach\u00e9<\/b> - Le syndrome de l'imposteur frappe m\u00eame les dirigeants les plus objectivement performants, minant insidieusement leurs d\u00e9cisions et leur pr\u00e9sence.<\/span>\n\t\t\t\t\t\t\t\t\t<\/li>\n\t\t\t\t\t\t\t\t<li class=\"elementor-icon-list-item\">\n\t\t\t\t\t\t\t\t\t\t\t<span class=\"elementor-icon-list-icon\">\n\t\t\t\t\t\t\t<svg aria-hidden=\"true\" class=\"e-font-icon-svg e-far-circle\" viewbox=\"0 0 512 512\" xmlns=\"http:\/\/www.w3.org\/2000\/svg\"><path d=\"M256 8C119 8 8 119 8 256s111 248 248 248 248-111 248-248S393 8 256 8zm0 448c-110.5 0-200-89.5-200-200S145.5 56 256 56s200 89.5 200 200-89.5 200-200 200z\"><\/path><\/svg>\t\t\t\t\t\t<\/span>\n\t\t\t\t\t\t\t\t\t\t<span class=\"elementor-icon-list-text\"><b>Pr\u00e9jug\u00e9s et \u00e9volution des normes<\/b> - Les cadres sup\u00e9rieurs sont \u00e9valu\u00e9s selon des crit\u00e8res tacites qui se durcissent sous la pression, l'examen minutieux ou le changement.<\/span>\n\t\t\t\t\t\t\t\t\t<\/li>\n\t\t\t\t\t\t\t\t<li class=\"elementor-icon-list-item\">\n\t\t\t\t\t\t\t\t\t\t\t<span class=\"elementor-icon-list-icon\">\n\t\t\t\t\t\t\t<svg aria-hidden=\"true\" class=\"e-font-icon-svg e-far-circle\" viewbox=\"0 0 512 512\" xmlns=\"http:\/\/www.w3.org\/2000\/svg\"><path d=\"M256 8C119 8 8 119 8 256s111 248 248 248 248-111 248-248S393 8 256 8zm0 448c-110.5 0-200-89.5-200-200S145.5 56 256 56s200 89.5 200 200-89.5 200-200 200z\"><\/path><\/svg>\t\t\t\t\t\t<\/span>\n\t\t\t\t\t\t\t\t\t\t<span class=\"elementor-icon-list-text\"><b>Cr\u00e9dibilit\u00e9 compromise par les circonstances<\/b> - Restructurations, conflits ou interruptions de carri\u00e8re qui fragilisent la r\u00e9putation professionnelle, m\u00eame lorsque rien de tout cela n'\u00e9tait m\u00e9rit\u00e9.<\/span>\n\t\t\t\t\t\t\t\t\t<\/li>\n\t\t\t\t\t\t<\/ul>\n\t\t\t\t\t\t<\/div>\n\t\t\t\t<div class=\"elementor-element elementor-element-1e631b57 elementor-widget elementor-widget-eael-adv-tabs\" data-id=\"1e631b57\" data-element_type=\"widget\" data-e-type=\"widget\" data-widget_type=\"eael-adv-tabs.default\">\n\t\t\t\t\t        <div data-scroll-on-click=\"no\" data-scroll-speed=\"300\" id=\"eael-advance-tabs-1e631b57\" class=\"eael-advance-tabs eael-tabs-horizontal eael-tab-auto-active  active-caret-on\" data-tabid=\"1e631b57\">\n            <div class=\"eael-tabs-nav\">\n                <ul class=\"eael-tab-inline-icon\" role=\"tablist\">\n                                            <li id=\"outcomes\" class=\"inactive eael-tab-item-trigger eael-tab-nav-item\" aria-selected=\"true\" data-tab=\"1\" role=\"tab\" tabindex=\"0\" aria-controls=\"outcomes-tab\" aria-expanded=\"false\">\n                            \n                                                                <svg class=\"e-font-icon-svg e-fas-graduation-cap\" viewbox=\"0 0 640 512\" xmlns=\"http:\/\/www.w3.org\/2000\/svg\"><path d=\"M622.34 153.2L343.4 67.5c-15.2-4.67-31.6-4.67-46.79 0L17.66 153.2c-23.54 7.23-23.54 38.36 0 45.59l48.63 14.94c-10.67 13.19-17.23 29.28-17.88 46.9C38.78 266.15 32 276.11 32 288c0 10.78 5.68 19.85 13.86 25.65L20.33 428.53C18.11 438.52 25.71 448 35.94 448h56.11c10.24 0 17.84-9.48 15.62-19.47L82.14 313.65C90.32 307.85 96 298.78 96 288c0-11.57-6.47-21.25-15.66-26.87.76-15.02 8.44-28.3 20.69-36.72L296.6 284.5c9.06 2.78 26.44 6.25 46.79 0l278.95-85.7c23.55-7.24 23.55-38.36 0-45.6zM352.79 315.09c-28.53 8.76-52.84 3.92-65.59 0l-145.02-44.55L128 384c0 35.35 85.96 64 192 64s192-28.65 192-64l-14.18-113.47-145.03 44.56z\"><\/path><\/svg>                                                            \n                                                            <span class=\"eael-tab-title title-after-icon\" >R\u00e9sultats<\/span>                            \n                                                    <\/li>\n                    \n                                  <\/ul>\n            <\/div>\n            \n            <div class=\"eael-tabs-content\">\n\t\t        \n                    <div id=\"outcomes-tab\" class=\"clearfix eael-tab-content-item inactive\" data-title-link=\"outcomes-tab\">\n\t\t\t\t        <p><strong>D\u00e9construire le Syndrome de l'Imposteur<\/strong><\/p><p>Distinguez les v\u00e9ritables lacunes en comp\u00e9tences des jugements sociaux int\u00e9rioris\u00e9s. Remplacez le doute par la clart\u00e9 et une confiance fond\u00e9e sur des preuves.<\/p><p><strong>Positionnement Strat\u00e9gique<\/strong><\/p><p>Transformer les faiblesses per\u00e7ues, les interruptions de carri\u00e8re ou les parcours non lin\u00e9aires en r\u00e9cits de leadership qui renforcent, et non qui affaiblissent, l'autorit\u00e9.<\/p><p><strong>Inventaire des Preuves<\/strong><\/p><p>Constituez un dossier structur\u00e9 de vos r\u00e9alisations et de votre impact r\u00e9el \u2013 en quantifiant votre valeur professionnelle et en ancrant votre confiance dans des r\u00e9sultats concrets.<\/p><p><strong>Naviguer dans les Biais<\/strong><\/p><p>Strat\u00e9gies pratiques pour g\u00e9rer le scepticisme, les microagressions et les biais syst\u00e9miques sans se d\u00e9sengager, se replier sur soi ni surcompenser.<\/p>                    <\/div>\n\t\t                    <\/div>\n        <\/div>\n\t\t\t\t<\/div>\n\t\t\t\t<\/div>\n\t\t<div class=\"elementor-element elementor-element-70e0f49e e-con-full e-flex e-con e-child\" data-id=\"70e0f49e\" data-element_type=\"container\" data-e-type=\"container\" data-settings=\"{&quot;background_background&quot;:&quot;classic&quot;}\">\n\t\t<div class=\"elementor-element elementor-element-779da81 e-con-full e-flex e-con e-child\" data-id=\"779da81\" data-element_type=\"container\" data-e-type=\"container\" data-settings=\"{&quot;background_background&quot;:&quot;classic&quot;}\">\n\t\t\t\t<div class=\"elementor-element elementor-element-1e18665a elementor-widget elementor-widget-elementskit-heading\" data-id=\"1e18665a\" data-element_type=\"widget\" data-e-type=\"widget\" data-widget_type=\"elementskit-heading.default\">\n\t\t\t\t\t<div class=\"ekit-wid-con\" ><div class=\"ekit-heading elementskit-section-title-wraper text_left   ekit_heading_tablet-   ekit_heading_mobile-\"><h2 class=\"ekit-heading--title elementskit-section-title\">Notre Approche<\/h2><\/div><\/div>\t\t\t\t<\/div>\n\t\t<div class=\"elementor-element elementor-element-3ecf8ad5 e-con-full e-grid e-con e-child\" data-id=\"3ecf8ad5\" data-element_type=\"container\" data-e-type=\"container\" data-settings=\"{&quot;background_background&quot;:&quot;classic&quot;}\">\n\t\t\t\t<div class=\"elementor-element elementor-element-43099614 ekit-equal-height-enable elementor-widget elementor-widget-elementskit-icon-box\" data-id=\"43099614\" data-element_type=\"widget\" data-e-type=\"widget\" data-widget_type=\"elementskit-icon-box.default\">\n\t\t\t\t\t<div class=\"ekit-wid-con\" >        <!-- link opening -->\n                <a href=\"#\" class=\"ekit_global_links\">\n                <!-- end link opening -->\n\n        <div class=\"elementskit-infobox text-center text- icon-top-align elementor-animation-\">\n                    <div class=\"elementskit-box-header elementor-animation-\">\n                <div class=\"elementskit-info-box-icon\">\n                    <i aria-hidden=\"true\" class=\"elementkit-infobox-icon  icon_info_alt\"><\/i>\n                <\/div>\n          <\/div>\n                        <div class=\"box-body\">\n                            <h3 class=\"elementskit-info-box-title\">\n                    Faits versus perceptions                <\/h3>\n                                            <\/div>\n        \n        \n                <\/div>\n                <\/a>\n        <\/div>\t\t\t\t<\/div>\n\t\t\t\t<div class=\"elementor-element elementor-element-2208e5f7 ekit-equal-height-enable elementor-widget elementor-widget-elementskit-icon-box\" data-id=\"2208e5f7\" data-element_type=\"widget\" data-e-type=\"widget\" data-widget_type=\"elementskit-icon-box.default\">\n\t\t\t\t\t<div class=\"ekit-wid-con\" >        <!-- link opening -->\n                <a href=\"#\" class=\"ekit_global_links\">\n                <!-- end link opening -->\n\n        <div class=\"elementskit-infobox text-center text- icon-top-align elementor-animation-\">\n                    <div class=\"elementskit-box-header elementor-animation-\">\n                <div class=\"elementskit-info-box-icon\">\n                    <svg aria-hidden=\"true\" class=\"elementkit-infobox-icon e-font-icon-svg e-fas-user-check\" viewbox=\"0 0 640 512\" xmlns=\"http:\/\/www.w3.org\/2000\/svg\"><path d=\"M224 256c70.7 0 128-57.3 128-128S294.7 0 224 0 96 57.3 96 128s57.3 128 128 128zm89.6 32h-16.7c-22.2 10.2-46.9 16-72.9 16s-50.6-5.8-72.9-16h-16.7C60.2 288 0 348.2 0 422.4V464c0 26.5 21.5 48 48 48h352c26.5 0 48-21.5 48-48v-41.6c0-74.2-60.2-134.4-134.4-134.4zm323-128.4l-27.8-28.1c-4.6-4.7-12.1-4.7-16.8-.1l-104.8 104-45.5-45.8c-4.6-4.7-12.1-4.7-16.8-.1l-28.1 27.9c-4.7 4.6-4.7 12.1-.1 16.8l81.7 82.3c4.6 4.7 12.1 4.7 16.8.1l141.3-140.2c4.6-4.7 4.7-12.2.1-16.8z\"><\/path><\/svg>\n                <\/div>\n          <\/div>\n                        <div class=\"box-body\">\n                            <h3 class=\"elementskit-info-box-title\">\n                    Authenticit\u00e9 et Autorit\u00e9                <\/h3>\n                                            <\/div>\n        \n        \n                <\/div>\n                <\/a>\n        <\/div>\t\t\t\t<\/div>\n\t\t\t\t<div class=\"elementor-element elementor-element-3acddd52 ekit-equal-height-enable elementor-widget elementor-widget-elementskit-icon-box\" data-id=\"3acddd52\" data-element_type=\"widget\" data-e-type=\"widget\" data-widget_type=\"elementskit-icon-box.default\">\n\t\t\t\t\t<div class=\"ekit-wid-con\" >        <!-- link opening -->\n                <a href=\"#\" class=\"ekit_global_links\">\n                <!-- end link opening -->\n\n        <div class=\"elementskit-infobox text-center text- icon-top-align elementor-animation-\">\n                    <div class=\"elementskit-box-header elementor-animation-\">\n                <div class=\"elementskit-info-box-icon\">\n                    <i aria-hidden=\"true\" class=\"elementkit-infobox-icon  icon_group\"><\/i>\n                <\/div>\n          <\/div>\n                        <div class=\"box-body\">\n                            <h3 class=\"elementskit-info-box-title\">\n                    R\u00c9AFFIRMER SA PR\u00c9SENCE APR\u00c8S UNE TRANSITION                <\/h3>\n                                            <\/div>\n        \n        \n                <\/div>\n                <\/a>\n        <\/div>\t\t\t\t<\/div>\n\t\t\t\t<div class=\"elementor-element elementor-element-5f6106fd ekit-equal-height-enable elementor-widget elementor-widget-elementskit-icon-box\" data-id=\"5f6106fd\" data-element_type=\"widget\" data-e-type=\"widget\" data-widget_type=\"elementskit-icon-box.default\">\n\t\t\t\t\t<div class=\"ekit-wid-con\" >        <!-- link opening -->\n                <a href=\"#\" class=\"ekit_global_links\">\n                <!-- end link opening -->\n\n        <div class=\"elementskit-infobox text-center text- icon-top-align elementor-animation-\">\n                    <div class=\"elementskit-box-header elementor-animation-\">\n                <div class=\"elementskit-info-box-icon\">\n                    <i aria-hidden=\"true\" class=\"elementkit-infobox-icon mdi mdi-sunglasses\"><\/i>\n                <\/div>\n          <\/div>\n                        <div class=\"box-body\">\n                            <h3 class=\"elementskit-info-box-title\">\n                    Une confiance ancr\u00e9e dans le r\u00e9el                <\/h3>\n                                            <\/div>\n        \n        \n                <\/div>\n                <\/a>\n        <\/div>\t\t\t\t<\/div>\n\t\t\t\t<\/div>\n\t\t\t\t<\/div>\n\t\t<div class=\"elementor-element elementor-element-58baf1d8 e-con-full e-flex e-con e-child\" data-id=\"58baf1d8\" data-element_type=\"container\" data-e-type=\"container\" data-settings=\"{&quot;background_background&quot;:&quot;classic&quot;}\">\n\t\t\t\t<div class=\"elementor-element elementor-element-31bc5fb4 elementor-widget elementor-widget-elementskit-heading\" data-id=\"31bc5fb4\" data-element_type=\"widget\" data-e-type=\"widget\" data-widget_type=\"elementskit-heading.default\">\n\t\t\t\t\t<div class=\"ekit-wid-con\" ><div class=\"ekit-heading elementskit-section-title-wraper text_left   ekit_heading_tablet-   ekit_heading_mobile-\"><h2 class=\"ekit-heading--title elementskit-section-title\">Pr\u00eat \u00e0 Commencer ?<\/h2><\/div><\/div>\t\t\t\t<\/div>\n\t\t\t\t<div class=\"elementor-element elementor-element-6dd07efa elementor-align-left elementor-widget elementor-widget-elementskit-button\" data-id=\"6dd07efa\" data-element_type=\"widget\" data-e-type=\"widget\" data-widget_type=\"elementskit-button.default\">\n\t\t\t\t\t<div class=\"ekit-wid-con\" >\t\t<div class=\"ekit-btn-wraper\">\n\t\t\t\t\t\t\t<a href=\"https:\/\/talktgc.com\/fr\/contact-us\/\" class=\"elementskit-btn  whitespace--normal\" id=\"\">\n\t\t\t\t\tContactez-Nous<svg class=\"e-font-icon-svg e-fas-angle-right\" viewbox=\"0 0 256 512\" xmlns=\"http:\/\/www.w3.org\/2000\/svg\"><path d=\"M224.3 273l-136 136c-9.4 9.4-24.6 9.4-33.9 0l-22.6-22.6c-9.4-9.4-9.4-24.6 0-33.9l96.4-96.4-96.4-96.4c-9.4-9.4-9.4-24.6 0-33.9L54.3 103c9.4-9.4 24.6-9.4 33.9 0l136 136c9.5 9.4 9.5 24.6.1 34z\"><\/path><\/svg>\t\t\t\t<\/a>\n\t\t\t\t\t<\/div>\n        <\/div>\t\t\t\t<\/div>\n\t\t\t\t<\/div>\n\t\t\t\t<\/div>\n\t\t\t\t\t<\/div>\n\t\t\t\t<\/div>\n\t\t\t\t<\/div>","protected":false},"excerpt":{"rendered":"<p>The Credibility Code When Performance Speaks, And Is Heard. Unlocking Authority and Confidence The Credibility Code strengthens the internal and external foundations of leadership credibility. It develops presence that feels authentic, communication that is strategically aligned and influence that is grounded in identity rather than performance. The work is deep, personal and structural, designed to [&hellip;]<\/p>\n","protected":false},"author":2,"featured_media":0,"parent":87,"menu_order":0,"comment_status":"closed","ping_status":"closed","template":"","meta":{"nf_dc_page":"","footnotes":""},"class_list":["post-530","page","type-page","status-publish","hentry"],"yoast_head":"<!-- This site is optimized with the Yoast SEO plugin v27.4 - https:\/\/yoast.com\/product\/yoast-seo-wordpress\/ -->\n<title>The Credibility Code - The Game Changers<\/title>\n<meta name=\"robots\" content=\"index, follow, max-snippet:-1, max-image-preview:large, max-video-preview:-1\" \/>\n<link rel=\"canonical\" href=\"https:\/\/talktgc.com\/fr\/services\/the-credibility-code\/\" \/>\n<meta property=\"og:locale\" content=\"fr_FR\" \/>\n<meta property=\"og:type\" content=\"article\" \/>\n<meta property=\"og:title\" content=\"The Credibility Code - The Game Changers\" \/>\n<meta property=\"og:description\" content=\"The Credibility Code When Performance Speaks, And Is Heard. Unlocking Authority and Confidence The Credibility Code strengthens the internal and external foundations of leadership credibility. It develops presence that feels authentic, communication that is strategically aligned and influence that is grounded in identity rather than performance. The work is deep, personal and structural, designed to [&hellip;]\" \/>\n<meta property=\"og:url\" content=\"https:\/\/talktgc.com\/fr\/services\/the-credibility-code\/\" \/>\n<meta property=\"og:site_name\" content=\"The Game Changers\" \/>\n<meta property=\"article:modified_time\" content=\"2026-04-11T14:56:36+00:00\" \/>\n<meta name=\"twitter:card\" content=\"summary_large_image\" \/>\n<meta name=\"twitter:label1\" content=\"Dur\u00e9e de lecture estim\u00e9e\" \/>\n\t<meta name=\"twitter:data1\" content=\"2 minutes\" \/>\n<script type=\"application\/ld+json\" class=\"yoast-schema-graph\">{\"@context\":\"https:\\\/\\\/schema.org\",\"@graph\":[{\"@type\":\"WebPage\",\"@id\":\"https:\\\/\\\/talktgc.com\\\/services\\\/the-credibility-code\\\/\",\"url\":\"https:\\\/\\\/talktgc.com\\\/services\\\/the-credibility-code\\\/\",\"name\":\"The Credibility Code - The Game Changers\",\"isPartOf\":{\"@id\":\"https:\\\/\\\/talktgc.com\\\/#website\"},\"datePublished\":\"2026-03-06T06:06:13+00:00\",\"dateModified\":\"2026-04-11T14:56:36+00:00\",\"breadcrumb\":{\"@id\":\"https:\\\/\\\/talktgc.com\\\/services\\\/the-credibility-code\\\/#breadcrumb\"},\"inLanguage\":\"fr-FR\",\"potentialAction\":[{\"@type\":\"ReadAction\",\"target\":[\"https:\\\/\\\/talktgc.com\\\/services\\\/the-credibility-code\\\/\"]}]},{\"@type\":\"BreadcrumbList\",\"@id\":\"https:\\\/\\\/talktgc.com\\\/services\\\/the-credibility-code\\\/#breadcrumb\",\"itemListElement\":[{\"@type\":\"ListItem\",\"position\":1,\"name\":\"Home\",\"item\":\"https:\\\/\\\/talktgc.com\\\/\"},{\"@type\":\"ListItem\",\"position\":2,\"name\":\"Services\",\"item\":\"https:\\\/\\\/talktgc.com\\\/services\\\/\"},{\"@type\":\"ListItem\",\"position\":3,\"name\":\"The Credibility Code\"}]},{\"@type\":\"WebSite\",\"@id\":\"https:\\\/\\\/talktgc.com\\\/#website\",\"url\":\"https:\\\/\\\/talktgc.com\\\/\",\"name\":\"The Game Changers\",\"description\":\"The Architects of Becoming\",\"publisher\":{\"@id\":\"https:\\\/\\\/talktgc.com\\\/#organization\"},\"potentialAction\":[{\"@type\":\"SearchAction\",\"target\":{\"@type\":\"EntryPoint\",\"urlTemplate\":\"https:\\\/\\\/talktgc.com\\\/?s={search_term_string}\"},\"query-input\":{\"@type\":\"PropertyValueSpecification\",\"valueRequired\":true,\"valueName\":\"search_term_string\"}}],\"inLanguage\":\"fr-FR\"},{\"@type\":\"Organization\",\"@id\":\"https:\\\/\\\/talktgc.com\\\/#organization\",\"name\":\"The Game Changers\",\"url\":\"https:\\\/\\\/talktgc.com\\\/\",\"logo\":{\"@type\":\"ImageObject\",\"inLanguage\":\"fr-FR\",\"@id\":\"https:\\\/\\\/talktgc.com\\\/#\\\/schema\\\/logo\\\/image\\\/\",\"url\":\"https:\\\/\\\/i0.wp.com\\\/talktgc.com\\\/wp-content\\\/uploads\\\/2026\\\/03\\\/image_1_-removebg-preview-e1772649231600.png?fit=500%2C158&ssl=1\",\"contentUrl\":\"https:\\\/\\\/i0.wp.com\\\/talktgc.com\\\/wp-content\\\/uploads\\\/2026\\\/03\\\/image_1_-removebg-preview-e1772649231600.png?fit=500%2C158&ssl=1\",\"width\":500,\"height\":158,\"caption\":\"The Game Changers\"},\"image\":{\"@id\":\"https:\\\/\\\/talktgc.com\\\/#\\\/schema\\\/logo\\\/image\\\/\"}}]}<\/script>\n<!-- \/ Yoast SEO plugin. -->","yoast_head_json":{"title":"The Credibility Code - The Game Changers","robots":{"index":"index","follow":"follow","max-snippet":"max-snippet:-1","max-image-preview":"max-image-preview:large","max-video-preview":"max-video-preview:-1"},"canonical":"https:\/\/talktgc.com\/fr\/services\/the-credibility-code\/","og_locale":"fr_FR","og_type":"article","og_title":"The Credibility Code - The Game Changers","og_description":"The Credibility Code When Performance Speaks, And Is Heard. Unlocking Authority and Confidence The Credibility Code strengthens the internal and external foundations of leadership credibility. It develops presence that feels authentic, communication that is strategically aligned and influence that is grounded in identity rather than performance. The work is deep, personal and structural, designed to [&hellip;]","og_url":"https:\/\/talktgc.com\/fr\/services\/the-credibility-code\/","og_site_name":"The Game Changers","article_modified_time":"2026-04-11T14:56:36+00:00","twitter_card":"summary_large_image","twitter_misc":{"Dur\u00e9e de lecture estim\u00e9e":"2 minutes"},"schema":{"@context":"https:\/\/schema.org","@graph":[{"@type":"WebPage","@id":"https:\/\/talktgc.com\/services\/the-credibility-code\/","url":"https:\/\/talktgc.com\/services\/the-credibility-code\/","name":"The Credibility Code - The Game Changers","isPartOf":{"@id":"https:\/\/talktgc.com\/#website"},"datePublished":"2026-03-06T06:06:13+00:00","dateModified":"2026-04-11T14:56:36+00:00","breadcrumb":{"@id":"https:\/\/talktgc.com\/services\/the-credibility-code\/#breadcrumb"},"inLanguage":"fr-FR","potentialAction":[{"@type":"ReadAction","target":["https:\/\/talktgc.com\/services\/the-credibility-code\/"]}]},{"@type":"BreadcrumbList","@id":"https:\/\/talktgc.com\/services\/the-credibility-code\/#breadcrumb","itemListElement":[{"@type":"ListItem","position":1,"name":"Home","item":"https:\/\/talktgc.com\/"},{"@type":"ListItem","position":2,"name":"Services","item":"https:\/\/talktgc.com\/services\/"},{"@type":"ListItem","position":3,"name":"The Credibility Code"}]},{"@type":"WebSite","@id":"https:\/\/talktgc.com\/#website","url":"https:\/\/talktgc.com\/","name":"The Game Changers","description":"Les Architectes du Devenir","publisher":{"@id":"https:\/\/talktgc.com\/#organization"},"potentialAction":[{"@type":"SearchAction","target":{"@type":"EntryPoint","urlTemplate":"https:\/\/talktgc.com\/?s={search_term_string}"},"query-input":{"@type":"PropertyValueSpecification","valueRequired":true,"valueName":"search_term_string"}}],"inLanguage":"fr-FR"},{"@type":"Organization","@id":"https:\/\/talktgc.com\/#organization","name":"The Game Changers","url":"https:\/\/talktgc.com\/","logo":{"@type":"ImageObject","inLanguage":"fr-FR","@id":"https:\/\/talktgc.com\/#\/schema\/logo\/image\/","url":"https:\/\/i0.wp.com\/talktgc.com\/wp-content\/uploads\/2026\/03\/image_1_-removebg-preview-e1772649231600.png?fit=500%2C158&ssl=1","contentUrl":"https:\/\/i0.wp.com\/talktgc.com\/wp-content\/uploads\/2026\/03\/image_1_-removebg-preview-e1772649231600.png?fit=500%2C158&ssl=1","width":500,"height":158,"caption":"The Game Changers"},"image":{"@id":"https:\/\/talktgc.com\/#\/schema\/logo\/image\/"}}]}},"jetpack_sharing_enabled":true,"_links":{"self":[{"href":"https:\/\/talktgc.com\/fr\/wp-json\/wp\/v2\/pages\/530","targetHints":{"allow":["GET"]}}],"collection":[{"href":"https:\/\/talktgc.com\/fr\/wp-json\/wp\/v2\/pages"}],"about":[{"href":"https:\/\/talktgc.com\/fr\/wp-json\/wp\/v2\/types\/page"}],"author":[{"embeddable":true,"href":"https:\/\/talktgc.com\/fr\/wp-json\/wp\/v2\/users\/2"}],"replies":[{"embeddable":true,"href":"https:\/\/talktgc.com\/fr\/wp-json\/wp\/v2\/comments?post=530"}],"version-history":[{"count":20,"href":"https:\/\/talktgc.com\/fr\/wp-json\/wp\/v2\/pages\/530\/revisions"}],"predecessor-version":[{"id":1736,"href":"https:\/\/talktgc.com\/fr\/wp-json\/wp\/v2\/pages\/530\/revisions\/1736"}],"up":[{"embeddable":true,"href":"https:\/\/talktgc.com\/fr\/wp-json\/wp\/v2\/pages\/87"}],"wp:attachment":[{"href":"https:\/\/talktgc.com\/fr\/wp-json\/wp\/v2\/media?parent=530"}],"curies":[{"name":"wp","href":"https:\/\/api.w.org\/{rel}","templated":true}]}}