{"id":3,"date":"2026-03-03T18:39:54","date_gmt":"2026-03-03T18:39:54","guid":{"rendered":"https:\/\/talktgc.com\/?page_id=3"},"modified":"2026-03-30T15:40:37","modified_gmt":"2026-03-30T11:40:37","slug":"privacy-policy","status":"publish","type":"page","link":"https:\/\/talktgc.com\/fr\/privacy-policy\/","title":{"rendered":"Politique de Confidentialit\u00e9"},"content":{"rendered":"<p class=\"\">Derni\u00e8re mise \u00e0 jour : 30 mars 2026<br>Date d'entr\u00e9e en vigueur : 26 mars 2026<\/p>\n\n\n\n<p class=\"\">La pr\u00e9sente Politique de confidentialit\u00e9 d\u00e9crit les pratiques de The Game Changers, Maurice, en mati\u00e8re de collecte, d'utilisation et de divulgation de vos informations recueillies lorsque vous utilisez notre site web (https:\/\/talktgc.com) (le \u00ab\u00a0Service\u00a0\u00bb). En acc\u00e9dant au Service ou en l'utilisant, vous consentez \u00e0 la collecte, \u00e0 l'utilisation et \u00e0 la divulgation de vos informations conform\u00e9ment \u00e0 la pr\u00e9sente Politique de confidentialit\u00e9. Si vous n'y consentez pas, veuillez ne pas acc\u00e9der au Service ni l'utiliser.<\/p>\n\n\n\n<p class=\"\">Nous pouvons modifier la pr\u00e9sente Politique de confidentialit\u00e9 \u00e0 tout moment et sans pr\u00e9avis. La version r\u00e9vis\u00e9e sera publi\u00e9e sur le Service. Elle entrera en vigueur 180 jours apr\u00e8s sa publication. En continuant d'acc\u00e9der au Service ou de l'utiliser apr\u00e8s cette date, vous acceptez la nouvelle Politique de confidentialit\u00e9. Nous vous recommandons donc de consulter r\u00e9guli\u00e8rement cette page.<\/p>\n\n\n\n<h2 class=\"wp-block-heading\">Comment nous utilisons vos informations\u00a0:<\/h2>\n\n\n\n<p class=\"\">Nous utiliserons les informations que nous recueillons \u00e0 votre sujet aux fins suivantes\u00a0:<\/p>\n\n\n\n<p class=\"\">Marketing\/Promotion<br>Collecte des commentaires des clients<br>Soutien<br>Informations administratives<br>Publicit\u00e9 cibl\u00e9e<br><br>Si nous souhaitons utiliser vos informations \u00e0 d'autres fins, nous vous demanderons votre consentement et nous n'utiliserons vos informations qu'apr\u00e8s avoir re\u00e7u votre consentement et, par cons\u00e9quent, uniquement aux fins pour lesquelles vous avez donn\u00e9 votre consentement, \u00e0 moins que la loi ne nous oblige \u00e0 faire autrement.<\/p>\n\n\n\n<h3 class=\"wp-block-heading\">Comment nous partageons vos informations\u00a0:<\/h3>\n\n\n\n<p class=\"\">Nous ne transf\u00e9rerons vos informations personnelles \u00e0 aucun tiers sans votre consentement, sauf dans les circonstances limit\u00e9es d\u00e9crites ci-dessous\u00a0:<\/p>\n\n\n\n<h3 class=\"wp-block-heading\">Analytique<\/h3>\n\n\n\n<p class=\"\">Nous exigeons de ces tiers qu\u2019ils utilisent les renseignements personnels que nous leur transf\u00e9rons uniquement aux fins pour lesquelles ils ont \u00e9t\u00e9 transf\u00e9r\u00e9s et qu\u2019ils ne les conservent pas plus longtemps que n\u00e9cessaire \u00e0 la r\u00e9alisation de ces fins.<br>Nous pouvons \u00e9galement divulguer vos renseignements personnels pour les raisons suivantes\u00a0: (1) nous conformer \u00e0 la loi, \u00e0 la r\u00e9glementation, \u00e0 une ordonnance judiciaire ou \u00e0 toute autre proc\u00e9dure l\u00e9gale applicable\u00a0; (2) faire respecter vos accords avec nous, y compris la pr\u00e9sente Politique de confidentialit\u00e9\u00a0; ou (3) r\u00e9pondre aux r\u00e9clamations selon lesquelles votre utilisation du Service enfreint les droits de tiers. En cas de fusion ou d\u2019acquisition du Service ou de notre soci\u00e9t\u00e9 par une autre soci\u00e9t\u00e9, vos renseignements feront partie des actifs transf\u00e9r\u00e9s au nouvel acqu\u00e9reur.<\/p>\n\n\n\n<h3 class=\"wp-block-heading\">Vos droits\u00a0:<\/h3>\n\n\n\n<p class=\"\">Selon la l\u00e9gislation applicable, vous pouvez disposer d'un droit d'acc\u00e8s, de rectification ou d'effacement de vos donn\u00e9es personnelles, ou d'en recevoir une copie\u00a0; de la possibilit\u00e9 de limiter ou de vous opposer \u00e0 leur traitement\u00a0; de demander leur transfert \u00e0 un autre organisme\u00a0; de retirer votre consentement au traitement de vos donn\u00e9es\u00a0; du droit d'introduire une r\u00e9clamation aupr\u00e8s d'une autorit\u00e9 comp\u00e9tente\u00a0; et de tout autre droit pr\u00e9vu par la loi. Pour exercer ces droits, veuillez nous contacter via notre formulaire de contact. Nous r\u00e9pondrons \u00e0 votre demande conform\u00e9ment \u00e0 la l\u00e9gislation applicable.<\/p>\n\n\n\n<p class=\"\">Vous pouvez vous opposer aux communications de marketing direct ou au profilage que nous effectuons \u00e0 des fins de marketing en nous contactant via notre formulaire de contact.<\/p>\n\n\n\n<p class=\"\">Veuillez noter que si vous ne nous autorisez pas \u00e0 collecter ou \u00e0 traiter les renseignements personnels requis ou si vous retirez votre consentement au traitement de ces renseignements aux fins requises, vous pourriez ne pas \u00eatre en mesure d\u2019acc\u00e9der aux services pour lesquels vos renseignements ont \u00e9t\u00e9 demand\u00e9s ou de les utiliser.<\/p>\n\n\n\n<h3 class=\"wp-block-heading\">Cookies Etc.<\/h3>\n\n\n\n<p class=\"\">To learn more about how we use these and your choices in relation to these tracking technologies, please refer to our <a href=\"https:\/\/talktgc.com\/fr\/cookie-policy\/\" type=\"page\" id=\"1669\">Cookie Polic<\/a>y.<\/p>\n\n\n\n<h3 class=\"wp-block-heading\">S\u00e9curit\u00e9:<\/h3>\n\n\n\n<p class=\"\">La s\u00e9curit\u00e9 de vos informations est importante pour nous et nous mettrons en \u0153uvre des mesures de s\u00e9curit\u00e9 raisonnables afin de pr\u00e9venir toute perte, utilisation abusive ou modification non autoris\u00e9e des informations que nous contr\u00f4lons. Cependant, compte tenu des risques inh\u00e9rents, nous ne pouvons garantir une s\u00e9curit\u00e9 absolue et, par cons\u00e9quent, nous ne pouvons assurer ni garantir la s\u00e9curit\u00e9 des informations que vous nous transmettez\u00a0; vous le faites donc \u00e0 vos propres risques.<\/p>\n\n\n\n<h3 class=\"wp-block-heading\">Liens tiers et utilisation de vos informations\u00a0:<\/h3>\n\n\n\n<p class=\"\">Notre Service peut contenir des liens vers d'autres sites web qui ne sont pas exploit\u00e9s par nous. La pr\u00e9sente Politique de confidentialit\u00e9 ne couvre pas les politiques de confidentialit\u00e9 ni les pratiques des tiers, y compris celles des tiers exploitant un site web ou un service accessible via un lien sur notre Service. Nous vous recommandons vivement de consulter la politique de confidentialit\u00e9 de chaque site que vous visitez. Nous n'exer\u00e7ons aucun contr\u00f4le sur le contenu, les politiques de confidentialit\u00e9 ou les pratiques des sites ou services tiers et d\u00e9clinons toute responsabilit\u00e9 \u00e0 cet \u00e9gard.<\/p>\n\n\n\n<h3 class=\"wp-block-heading\">Responsable des r\u00e9clamations \/ de la protection des donn\u00e9es\u00a0:<\/h3>\n\n\n\n<p class=\"\">Pour toute question ou pr\u00e9occupation concernant le traitement de vos donn\u00e9es personnelles, vous pouvez nous contacter via notre formulaire de contact. Nous r\u00e9pondrons \u00e0 vos demandes conform\u00e9ment \u00e0 la l\u00e9gislation en vigueur.<\/p>","protected":false},"excerpt":{"rendered":"<p>Last Updated On 30-Mar-2026Effective Date 26-Mar-2026 This Privacy Policy describes the policies of The Game Changers, Mauritius, on the collection, use and disclosure of your information that we collect when you use our website ( https:\/\/talktgc.com ). (the \u201cService\u201d). By accessing or using the Service, you are consenting to the collection, use and disclosure of [&hellip;]<\/p>\n","protected":false},"author":2,"featured_media":0,"parent":0,"menu_order":0,"comment_status":"closed","ping_status":"open","template":"","meta":{"nf_dc_page":"","footnotes":""},"class_list":["post-3","page","type-page","status-publish","hentry"],"yoast_head":"<!-- This site is optimized with the Yoast SEO plugin v27.4 - https:\/\/yoast.com\/product\/yoast-seo-wordpress\/ -->\n<title>Privacy Policy - The Game Changers<\/title>\n<meta name=\"robots\" content=\"index, follow, max-snippet:-1, max-image-preview:large, max-video-preview:-1\" \/>\n<link rel=\"canonical\" href=\"https:\/\/talktgc.com\/fr\/privacy-policy\/\" \/>\n<meta property=\"og:locale\" content=\"fr_FR\" \/>\n<meta property=\"og:type\" content=\"article\" \/>\n<meta property=\"og:title\" content=\"Privacy Policy - The Game Changers\" \/>\n<meta property=\"og:description\" content=\"Last Updated On 30-Mar-2026Effective Date 26-Mar-2026 This Privacy Policy describes the policies of The Game Changers, Mauritius, on the collection, use and disclosure of your information that we collect when you use our website ( https:\/\/talktgc.com ). (the \u201cService\u201d). By accessing or using the Service, you are consenting to the collection, use and disclosure of [&hellip;]\" \/>\n<meta property=\"og:url\" content=\"https:\/\/talktgc.com\/fr\/privacy-policy\/\" \/>\n<meta property=\"og:site_name\" content=\"The Game Changers\" \/>\n<meta property=\"article:modified_time\" content=\"2026-03-30T11:40:37+00:00\" \/>\n<meta name=\"twitter:card\" content=\"summary_large_image\" \/>\n<meta name=\"twitter:label1\" content=\"Dur\u00e9e de lecture estim\u00e9e\" \/>\n\t<meta name=\"twitter:data1\" content=\"4 minutes\" \/>\n<script type=\"application\/ld+json\" class=\"yoast-schema-graph\">{\"@context\":\"https:\\\/\\\/schema.org\",\"@graph\":[{\"@type\":\"WebPage\",\"@id\":\"https:\\\/\\\/talktgc.com\\\/privacy-policy\\\/\",\"url\":\"https:\\\/\\\/talktgc.com\\\/privacy-policy\\\/\",\"name\":\"Privacy Policy - The Game Changers\",\"isPartOf\":{\"@id\":\"https:\\\/\\\/talktgc.com\\\/#website\"},\"datePublished\":\"2026-03-03T18:39:54+00:00\",\"dateModified\":\"2026-03-30T11:40:37+00:00\",\"breadcrumb\":{\"@id\":\"https:\\\/\\\/talktgc.com\\\/privacy-policy\\\/#breadcrumb\"},\"inLanguage\":\"fr-FR\",\"potentialAction\":[{\"@type\":\"ReadAction\",\"target\":[\"https:\\\/\\\/talktgc.com\\\/privacy-policy\\\/\"]}]},{\"@type\":\"BreadcrumbList\",\"@id\":\"https:\\\/\\\/talktgc.com\\\/privacy-policy\\\/#breadcrumb\",\"itemListElement\":[{\"@type\":\"ListItem\",\"position\":1,\"name\":\"Home\",\"item\":\"https:\\\/\\\/talktgc.com\\\/\"},{\"@type\":\"ListItem\",\"position\":2,\"name\":\"Privacy Policy\"}]},{\"@type\":\"WebSite\",\"@id\":\"https:\\\/\\\/talktgc.com\\\/#website\",\"url\":\"https:\\\/\\\/talktgc.com\\\/\",\"name\":\"The Game Changers\",\"description\":\"The Architects of Becoming\",\"publisher\":{\"@id\":\"https:\\\/\\\/talktgc.com\\\/#organization\"},\"potentialAction\":[{\"@type\":\"SearchAction\",\"target\":{\"@type\":\"EntryPoint\",\"urlTemplate\":\"https:\\\/\\\/talktgc.com\\\/?s={search_term_string}\"},\"query-input\":{\"@type\":\"PropertyValueSpecification\",\"valueRequired\":true,\"valueName\":\"search_term_string\"}}],\"inLanguage\":\"fr-FR\"},{\"@type\":\"Organization\",\"@id\":\"https:\\\/\\\/talktgc.com\\\/#organization\",\"name\":\"The Game Changers\",\"url\":\"https:\\\/\\\/talktgc.com\\\/\",\"logo\":{\"@type\":\"ImageObject\",\"inLanguage\":\"fr-FR\",\"@id\":\"https:\\\/\\\/talktgc.com\\\/#\\\/schema\\\/logo\\\/image\\\/\",\"url\":\"https:\\\/\\\/i0.wp.com\\\/talktgc.com\\\/wp-content\\\/uploads\\\/2026\\\/03\\\/image_1_-removebg-preview-e1772649231600.png?fit=500%2C158&ssl=1\",\"contentUrl\":\"https:\\\/\\\/i0.wp.com\\\/talktgc.com\\\/wp-content\\\/uploads\\\/2026\\\/03\\\/image_1_-removebg-preview-e1772649231600.png?fit=500%2C158&ssl=1\",\"width\":500,\"height\":158,\"caption\":\"The Game Changers\"},\"image\":{\"@id\":\"https:\\\/\\\/talktgc.com\\\/#\\\/schema\\\/logo\\\/image\\\/\"}}]}<\/script>\n<!-- \/ Yoast SEO plugin. -->","yoast_head_json":{"title":"Privacy Policy - The Game Changers","robots":{"index":"index","follow":"follow","max-snippet":"max-snippet:-1","max-image-preview":"max-image-preview:large","max-video-preview":"max-video-preview:-1"},"canonical":"https:\/\/talktgc.com\/fr\/privacy-policy\/","og_locale":"fr_FR","og_type":"article","og_title":"Privacy Policy - The Game Changers","og_description":"Last Updated On 30-Mar-2026Effective Date 26-Mar-2026 This Privacy Policy describes the policies of The Game Changers, Mauritius, on the collection, use and disclosure of your information that we collect when you use our website ( https:\/\/talktgc.com ). (the \u201cService\u201d). By accessing or using the Service, you are consenting to the collection, use and disclosure of [&hellip;]","og_url":"https:\/\/talktgc.com\/fr\/privacy-policy\/","og_site_name":"The Game Changers","article_modified_time":"2026-03-30T11:40:37+00:00","twitter_card":"summary_large_image","twitter_misc":{"Dur\u00e9e de lecture estim\u00e9e":"4 minutes"},"schema":{"@context":"https:\/\/schema.org","@graph":[{"@type":"WebPage","@id":"https:\/\/talktgc.com\/privacy-policy\/","url":"https:\/\/talktgc.com\/privacy-policy\/","name":"Privacy Policy - The Game Changers","isPartOf":{"@id":"https:\/\/talktgc.com\/#website"},"datePublished":"2026-03-03T18:39:54+00:00","dateModified":"2026-03-30T11:40:37+00:00","breadcrumb":{"@id":"https:\/\/talktgc.com\/privacy-policy\/#breadcrumb"},"inLanguage":"fr-FR","potentialAction":[{"@type":"ReadAction","target":["https:\/\/talktgc.com\/privacy-policy\/"]}]},{"@type":"BreadcrumbList","@id":"https:\/\/talktgc.com\/privacy-policy\/#breadcrumb","itemListElement":[{"@type":"ListItem","position":1,"name":"Home","item":"https:\/\/talktgc.com\/"},{"@type":"ListItem","position":2,"name":"Privacy Policy"}]},{"@type":"WebSite","@id":"https:\/\/talktgc.com\/#website","url":"https:\/\/talktgc.com\/","name":"The Game Changers","description":"Les Architectes du Devenir","publisher":{"@id":"https:\/\/talktgc.com\/#organization"},"potentialAction":[{"@type":"SearchAction","target":{"@type":"EntryPoint","urlTemplate":"https:\/\/talktgc.com\/?s={search_term_string}"},"query-input":{"@type":"PropertyValueSpecification","valueRequired":true,"valueName":"search_term_string"}}],"inLanguage":"fr-FR"},{"@type":"Organization","@id":"https:\/\/talktgc.com\/#organization","name":"The Game Changers","url":"https:\/\/talktgc.com\/","logo":{"@type":"ImageObject","inLanguage":"fr-FR","@id":"https:\/\/talktgc.com\/#\/schema\/logo\/image\/","url":"https:\/\/i0.wp.com\/talktgc.com\/wp-content\/uploads\/2026\/03\/image_1_-removebg-preview-e1772649231600.png?fit=500%2C158&ssl=1","contentUrl":"https:\/\/i0.wp.com\/talktgc.com\/wp-content\/uploads\/2026\/03\/image_1_-removebg-preview-e1772649231600.png?fit=500%2C158&ssl=1","width":500,"height":158,"caption":"The Game Changers"},"image":{"@id":"https:\/\/talktgc.com\/#\/schema\/logo\/image\/"}}]}},"jetpack_sharing_enabled":true,"_links":{"self":[{"href":"https:\/\/talktgc.com\/fr\/wp-json\/wp\/v2\/pages\/3","targetHints":{"allow":["GET"]}}],"collection":[{"href":"https:\/\/talktgc.com\/fr\/wp-json\/wp\/v2\/pages"}],"about":[{"href":"https:\/\/talktgc.com\/fr\/wp-json\/wp\/v2\/types\/page"}],"author":[{"embeddable":true,"href":"https:\/\/talktgc.com\/fr\/wp-json\/wp\/v2\/users\/2"}],"replies":[{"embeddable":true,"href":"https:\/\/talktgc.com\/fr\/wp-json\/wp\/v2\/comments?post=3"}],"version-history":[{"count":2,"href":"https:\/\/talktgc.com\/fr\/wp-json\/wp\/v2\/pages\/3\/revisions"}],"predecessor-version":[{"id":1684,"href":"https:\/\/talktgc.com\/fr\/wp-json\/wp\/v2\/pages\/3\/revisions\/1684"}],"wp:attachment":[{"href":"https:\/\/talktgc.com\/fr\/wp-json\/wp\/v2\/media?parent=3"}],"curies":[{"name":"wp","href":"https:\/\/api.w.org\/{rel}","templated":true}]}}