{"id":1669,"date":"2026-03-30T09:42:54","date_gmt":"2026-03-30T05:42:54","guid":{"rendered":"https:\/\/talktgc.com\/?page_id=1669"},"modified":"2026-03-30T15:44:19","modified_gmt":"2026-03-30T11:44:19","slug":"cookie-policy","status":"publish","type":"page","link":"https:\/\/talktgc.com\/fr\/cookie-policy\/","title":{"rendered":"Cookie Policy"},"content":{"rendered":"<p class=\"\">Date d'entr\u00e9e en vigueur : 30 mars 2026<\/p>\n\n\n\n<p class=\"\">Derni\u00e8re mise \u00e0 jour : 30 mars 2026<\/p>\n\n\n\n<h2 class=\"wp-block-heading\">Que sont les cookies ?<\/h2>\n\n\n\n<p class=\"\">Cette politique relative aux cookies explique ce que sont les cookies, comment nous les utilisons, les types de cookies que nous utilisons (c\u2019est-\u00e0-dire les informations que nous collectons \u00e0 l\u2019aide des cookies et comment ces informations sont utilis\u00e9es), et comment g\u00e9rer vos param\u00e8tres de cookies.<\/p>\n\n\n\n<p class=\"\">Les cookies sont de petits fichiers texte utilis\u00e9s pour stocker de petites quantit\u00e9s d'informations. Ils sont enregistr\u00e9s sur votre appareil lorsqu'un site web se charge dans votre navigateur. Ces cookies contribuent au bon fonctionnement du site, renforcent sa s\u00e9curit\u00e9, am\u00e9liorent l'exp\u00e9rience utilisateur et permettent d'analyser ses performances afin d'identifier les points forts et les axes d'am\u00e9lioration.<\/p>\n\n\n\n<h2 class=\"wp-block-heading\">Comment utilisons-nous les cookies ?<\/h2>\n\n\n\n<p class=\"\">Comme la plupart des services en ligne, notre site web utilise des cookies internes et tiers \u00e0 diverses fins. Les cookies internes sont principalement n\u00e9cessaires au bon fonctionnement du site et ne collectent aucune donn\u00e9e permettant d'identifier une personne.<\/p>\n\n\n\n<p class=\"\">Les cookies tiers utilis\u00e9s sur notre site web nous aident principalement \u00e0 comprendre les performances du site, \u00e0 suivre vos interactions avec celui-ci, \u00e0 assurer la s\u00e9curit\u00e9 de nos services, \u00e0 diffuser des publicit\u00e9s pertinentes et \u00e0 am\u00e9liorer votre exp\u00e9rience utilisateur globale tout en am\u00e9liorant la rapidit\u00e9 de vos futures interactions avec notre site web.<\/p>\n\n\n\n<h2 class=\"wp-block-heading\">Types de cookies que nous utilisons<\/h2>\n\n\n\n<p class=\"\">N\u00e9cessaire<\/p>\n\n\n\n<p class=\"\">Les cookies n\u00e9cessaires sont indispensables au fonctionnement de base de ce site, notamment pour assurer une connexion s\u00e9curis\u00e9e et g\u00e9rer vos pr\u00e9f\u00e9rences de consentement. Ces cookies ne stockent aucune donn\u00e9e permettant de vous identifier personnellement.<\/p>\n\n\n\n<figure class=\"wp-block-table\"><table class=\"has-fixed-layout\"><thead><tr><th>Cookie<\/th><th>Dur\u00e9e<\/th><th>Description<\/th><\/tr><\/thead><tbody><tr><td>wpEmojiSettingsSupports<\/td><td>session<\/td><td>WordPress cr\u00e9e ce cookie lorsqu'un utilisateur interagit avec des emojis sur un site WordPress. Il permet de d\u00e9terminer si le navigateur de l'utilisateur peut afficher correctement les emojis.<\/td><\/tr><tr><td>cookieyes-consent<\/td><td>1 an<\/td><td>CookieYes utilise ce cookie pour m\u00e9moriser les pr\u00e9f\u00e9rences de consentement des utilisateurs afin qu'elles soient respect\u00e9es lors de leurs prochaines visites sur ce site. Il ne collecte ni ne stocke aucune information personnelle concernant les visiteurs du site.<\/td><\/tr><\/tbody><\/table><\/figure>\n\n\n\n<h2 class=\"wp-block-heading\">G\u00e9rer les pr\u00e9f\u00e9rences relatives aux cookies<\/h2>\n\n\n\n<p class=\"\">Vous pouvez modifier vos param\u00e8tres de cookies \u00e0 tout moment en cliquant sur le bouton \u00ab\u00a0Cookies\u00a0\u00bb. Vous pourrez ainsi consulter \u00e0 nouveau la banni\u00e8re de consentement aux cookies et mettre \u00e0 jour vos pr\u00e9f\u00e9rences ou retirer votre consentement imm\u00e9diatement.<\/p>","protected":false},"excerpt":{"rendered":"<p>Effective date: March 30, 2026 Last updated: March 30, 2026 What are cookies? This Cookie Policy explains what cookies are, how we use them, the types of cookies we use (i.e., the information we collect using cookies and how that information is used), and how to manage your cookie settings. Cookies are small text files [&hellip;]<\/p>\n","protected":false},"author":2,"featured_media":0,"parent":0,"menu_order":0,"comment_status":"closed","ping_status":"closed","template":"","meta":{"nf_dc_page":"","footnotes":""},"class_list":["post-1669","page","type-page","status-publish","hentry"],"yoast_head":"<!-- This site is optimized with the Yoast SEO plugin v27.4 - https:\/\/yoast.com\/product\/yoast-seo-wordpress\/ -->\n<title>Cookie Policy - The Game Changers<\/title>\n<meta name=\"robots\" content=\"index, follow, max-snippet:-1, max-image-preview:large, max-video-preview:-1\" \/>\n<link rel=\"canonical\" href=\"https:\/\/talktgc.com\/fr\/cookie-policy\/\" \/>\n<meta property=\"og:locale\" content=\"fr_FR\" \/>\n<meta property=\"og:type\" content=\"article\" \/>\n<meta property=\"og:title\" content=\"Cookie Policy - The Game Changers\" \/>\n<meta property=\"og:description\" content=\"Effective date: March 30, 2026 Last updated: March 30, 2026 What are cookies? This Cookie Policy explains what cookies are, how we use them, the types of cookies we use (i.e., the information we collect using cookies and how that information is used), and how to manage your cookie settings. Cookies are small text files [&hellip;]\" \/>\n<meta property=\"og:url\" content=\"https:\/\/talktgc.com\/fr\/cookie-policy\/\" \/>\n<meta property=\"og:site_name\" content=\"The Game Changers\" \/>\n<meta property=\"article:modified_time\" content=\"2026-03-30T11:44:19+00:00\" \/>\n<meta name=\"twitter:card\" content=\"summary_large_image\" \/>\n<meta name=\"twitter:label1\" content=\"Dur\u00e9e de lecture estim\u00e9e\" \/>\n\t<meta name=\"twitter:data1\" content=\"2 minutes\" \/>\n<script type=\"application\/ld+json\" class=\"yoast-schema-graph\">{\"@context\":\"https:\\\/\\\/schema.org\",\"@graph\":[{\"@type\":\"WebPage\",\"@id\":\"https:\\\/\\\/talktgc.com\\\/cookie-policy\\\/\",\"url\":\"https:\\\/\\\/talktgc.com\\\/cookie-policy\\\/\",\"name\":\"Cookie Policy - The Game Changers\",\"isPartOf\":{\"@id\":\"https:\\\/\\\/talktgc.com\\\/#website\"},\"datePublished\":\"2026-03-30T05:42:54+00:00\",\"dateModified\":\"2026-03-30T11:44:19+00:00\",\"breadcrumb\":{\"@id\":\"https:\\\/\\\/talktgc.com\\\/cookie-policy\\\/#breadcrumb\"},\"inLanguage\":\"fr-FR\",\"potentialAction\":[{\"@type\":\"ReadAction\",\"target\":[\"https:\\\/\\\/talktgc.com\\\/cookie-policy\\\/\"]}]},{\"@type\":\"BreadcrumbList\",\"@id\":\"https:\\\/\\\/talktgc.com\\\/cookie-policy\\\/#breadcrumb\",\"itemListElement\":[{\"@type\":\"ListItem\",\"position\":1,\"name\":\"Home\",\"item\":\"https:\\\/\\\/talktgc.com\\\/\"},{\"@type\":\"ListItem\",\"position\":2,\"name\":\"Cookie Policy\"}]},{\"@type\":\"WebSite\",\"@id\":\"https:\\\/\\\/talktgc.com\\\/#website\",\"url\":\"https:\\\/\\\/talktgc.com\\\/\",\"name\":\"The Game Changers\",\"description\":\"The Architects of Becoming\",\"publisher\":{\"@id\":\"https:\\\/\\\/talktgc.com\\\/#organization\"},\"potentialAction\":[{\"@type\":\"SearchAction\",\"target\":{\"@type\":\"EntryPoint\",\"urlTemplate\":\"https:\\\/\\\/talktgc.com\\\/?s={search_term_string}\"},\"query-input\":{\"@type\":\"PropertyValueSpecification\",\"valueRequired\":true,\"valueName\":\"search_term_string\"}}],\"inLanguage\":\"fr-FR\"},{\"@type\":\"Organization\",\"@id\":\"https:\\\/\\\/talktgc.com\\\/#organization\",\"name\":\"The Game Changers\",\"url\":\"https:\\\/\\\/talktgc.com\\\/\",\"logo\":{\"@type\":\"ImageObject\",\"inLanguage\":\"fr-FR\",\"@id\":\"https:\\\/\\\/talktgc.com\\\/#\\\/schema\\\/logo\\\/image\\\/\",\"url\":\"https:\\\/\\\/i0.wp.com\\\/talktgc.com\\\/wp-content\\\/uploads\\\/2026\\\/03\\\/image_1_-removebg-preview-e1772649231600.png?fit=500%2C158&ssl=1\",\"contentUrl\":\"https:\\\/\\\/i0.wp.com\\\/talktgc.com\\\/wp-content\\\/uploads\\\/2026\\\/03\\\/image_1_-removebg-preview-e1772649231600.png?fit=500%2C158&ssl=1\",\"width\":500,\"height\":158,\"caption\":\"The Game Changers\"},\"image\":{\"@id\":\"https:\\\/\\\/talktgc.com\\\/#\\\/schema\\\/logo\\\/image\\\/\"}}]}<\/script>\n<!-- \/ Yoast SEO plugin. -->","yoast_head_json":{"title":"Cookie Policy - The Game Changers","robots":{"index":"index","follow":"follow","max-snippet":"max-snippet:-1","max-image-preview":"max-image-preview:large","max-video-preview":"max-video-preview:-1"},"canonical":"https:\/\/talktgc.com\/fr\/cookie-policy\/","og_locale":"fr_FR","og_type":"article","og_title":"Cookie Policy - The Game Changers","og_description":"Effective date: March 30, 2026 Last updated: March 30, 2026 What are cookies? This Cookie Policy explains what cookies are, how we use them, the types of cookies we use (i.e., the information we collect using cookies and how that information is used), and how to manage your cookie settings. Cookies are small text files [&hellip;]","og_url":"https:\/\/talktgc.com\/fr\/cookie-policy\/","og_site_name":"The Game Changers","article_modified_time":"2026-03-30T11:44:19+00:00","twitter_card":"summary_large_image","twitter_misc":{"Dur\u00e9e de lecture estim\u00e9e":"2 minutes"},"schema":{"@context":"https:\/\/schema.org","@graph":[{"@type":"WebPage","@id":"https:\/\/talktgc.com\/cookie-policy\/","url":"https:\/\/talktgc.com\/cookie-policy\/","name":"Cookie Policy - The Game Changers","isPartOf":{"@id":"https:\/\/talktgc.com\/#website"},"datePublished":"2026-03-30T05:42:54+00:00","dateModified":"2026-03-30T11:44:19+00:00","breadcrumb":{"@id":"https:\/\/talktgc.com\/cookie-policy\/#breadcrumb"},"inLanguage":"fr-FR","potentialAction":[{"@type":"ReadAction","target":["https:\/\/talktgc.com\/cookie-policy\/"]}]},{"@type":"BreadcrumbList","@id":"https:\/\/talktgc.com\/cookie-policy\/#breadcrumb","itemListElement":[{"@type":"ListItem","position":1,"name":"Home","item":"https:\/\/talktgc.com\/"},{"@type":"ListItem","position":2,"name":"Cookie Policy"}]},{"@type":"WebSite","@id":"https:\/\/talktgc.com\/#website","url":"https:\/\/talktgc.com\/","name":"The Game Changers","description":"Les Architectes du Devenir","publisher":{"@id":"https:\/\/talktgc.com\/#organization"},"potentialAction":[{"@type":"SearchAction","target":{"@type":"EntryPoint","urlTemplate":"https:\/\/talktgc.com\/?s={search_term_string}"},"query-input":{"@type":"PropertyValueSpecification","valueRequired":true,"valueName":"search_term_string"}}],"inLanguage":"fr-FR"},{"@type":"Organization","@id":"https:\/\/talktgc.com\/#organization","name":"The Game Changers","url":"https:\/\/talktgc.com\/","logo":{"@type":"ImageObject","inLanguage":"fr-FR","@id":"https:\/\/talktgc.com\/#\/schema\/logo\/image\/","url":"https:\/\/i0.wp.com\/talktgc.com\/wp-content\/uploads\/2026\/03\/image_1_-removebg-preview-e1772649231600.png?fit=500%2C158&ssl=1","contentUrl":"https:\/\/i0.wp.com\/talktgc.com\/wp-content\/uploads\/2026\/03\/image_1_-removebg-preview-e1772649231600.png?fit=500%2C158&ssl=1","width":500,"height":158,"caption":"The Game Changers"},"image":{"@id":"https:\/\/talktgc.com\/#\/schema\/logo\/image\/"}}]}},"jetpack_sharing_enabled":true,"_links":{"self":[{"href":"https:\/\/talktgc.com\/fr\/wp-json\/wp\/v2\/pages\/1669","targetHints":{"allow":["GET"]}}],"collection":[{"href":"https:\/\/talktgc.com\/fr\/wp-json\/wp\/v2\/pages"}],"about":[{"href":"https:\/\/talktgc.com\/fr\/wp-json\/wp\/v2\/types\/page"}],"author":[{"embeddable":true,"href":"https:\/\/talktgc.com\/fr\/wp-json\/wp\/v2\/users\/2"}],"replies":[{"embeddable":true,"href":"https:\/\/talktgc.com\/fr\/wp-json\/wp\/v2\/comments?post=1669"}],"version-history":[{"count":3,"href":"https:\/\/talktgc.com\/fr\/wp-json\/wp\/v2\/pages\/1669\/revisions"}],"predecessor-version":[{"id":1686,"href":"https:\/\/talktgc.com\/fr\/wp-json\/wp\/v2\/pages\/1669\/revisions\/1686"}],"wp:attachment":[{"href":"https:\/\/talktgc.com\/fr\/wp-json\/wp\/v2\/media?parent=1669"}],"curies":[{"name":"wp","href":"https:\/\/api.w.org\/{rel}","templated":true}]}}